{"id":2545,"date":"2025-12-02T10:40:07","date_gmt":"2025-12-02T10:40:07","guid":{"rendered":"https:\/\/sgmaidev.com\/?page_id=2545"},"modified":"2025-12-02T10:40:07","modified_gmt":"2025-12-02T10:40:07","slug":"consulting-artificial-intelligence-for-businesses-2","status":"publish","type":"page","link":"https:\/\/sgmaidev.com\/en\/consulting-artificial-intelligence-for-businesses-2\/","title":{"rendered":"Consulting &#8211; Artificial Intelligence for Businesses"},"content":{"rendered":"\t\t<div data-elementor-type=\"wp-page\" data-elementor-id=\"2545\" class=\"elementor elementor-2545 elementor-2544\" data-elementor-post-type=\"page\">\n\t\t\t\t<div class=\"elementor-element elementor-element-379e898 e-flex e-con-boxed e-con e-child\" data-id=\"379e898\" data-element_type=\"container\" data-e-type=\"container\" data-settings=\"{&quot;background_background&quot;:&quot;classic&quot;}\">\n\t\t\t\t\t<div class=\"e-con-inner\">\n\t\t\t\t<div class=\"elementor-element elementor-element-2aba43b elementor-widget elementor-widget-heading\" data-id=\"2aba43b\" data-element_type=\"widget\" data-e-type=\"widget\" data-widget_type=\"heading.default\">\n\t\t\t\t\t<h2 class=\"elementor-heading-title elementor-size-default\">Consulting<br>Artificial Intelligence for Business<\/h2>\t\t\t\t<\/div>\n\t\t\t\t\t<\/div>\n\t\t\t\t<\/div>\n\t\t<div class=\"elementor-element elementor-element-9f91cf9 e-flex e-con-boxed e-con e-parent\" data-id=\"9f91cf9\" data-element_type=\"container\" data-e-type=\"container\">\n\t\t\t\t\t<div class=\"e-con-inner\">\n\t\t\t\t<div class=\"elementor-element elementor-element-13017a8 elementor-widget elementor-widget-heading\" data-id=\"13017a8\" data-element_type=\"widget\" data-e-type=\"widget\" data-widget_type=\"heading.default\">\n\t\t\t\t\t<h2 class=\"elementor-heading-title elementor-size-default\"><b>Descubra como a Intelig\u00eancia Artificial pode ajudar a sua empresa.<\/b><br><br>\nMesmo que ainda <b>n\u00e3o pretenda aplicar nada agora<\/b>, esta consultoria vai mostrar-lhe, de forma clara e personalizada, <b>como a IA pode ser integrada nos processos da sua empresa para poupar tempo, reduzir custos e aumentar a efici\u00eancia.<\/b>\n<br><br>\n\ud83d\udca1 <b>\u00c9 100% gratuita, sem risco e sem compromisso comercial.<\/b><br>\nN\u00e3o se trata de uma reuni\u00e3o de vendas \u2014 <b><u>\u00e9 uma conversa estrat\u00e9gica com um especialista<\/u><\/b>, focada em entender o seu neg\u00f3cio e explorar possibilidades reais de aplica\u00e7\u00e3o da IA.\n<br><br>\n<b>\ud83d\udc49 Agende agora e fique por dentro do que a sua empresa pode alcan\u00e7ar com a tecnologia certa \u2014 no momento certo.<\/b><\/h2>\t\t\t\t<\/div>\n\t\t\t\t<div class=\"elementor-element elementor-element-bdd8176 elementor-widget elementor-widget-bookly-widget-bookly-form\" data-id=\"bdd8176\" data-element_type=\"widget\" data-e-type=\"widget\" data-widget_type=\"bookly-widget-bookly-form.default\">\n\t\t\t\t<div class=\"elementor-widget-container\">\n\t\t\t\t\t<!--\nPlugin Name: Bookly - Responsive WordPress Appointment Booking and Scheduling Plugin\nPlugin URI: https:\/\/www.booking-wp-plugin.com\/?utm_source=bookly_admin&utm_medium=plugins_page&utm_campaign=plugins_page\nVersion: 27.5-->\n<style type=\"text\/css\">\n    :root {\n        --bookly-main-color: #1e73be !important;\n        --bookly-color: #1e73be !important;\n    }\n\n    <\/style><div class=\"bookly-css-root\">\n    <div id=\"bookly-form-container-69f1e02ba7e07\" class=\"bookly-form\" data-form_id=\"\" aria-live=\"polite\">\n        <div style=\"text-align: center\"><img decoding=\"async\" src=\"https:\/\/sgmaidev.com\/wp-includes\/js\/tinymce\/skins\/lightgray\/img\/loader.gif\" alt=\"Loading...\"\/><\/div>\n    <\/div>\n<\/div>\n<script type=\"text\/javascript\">\n    (function (win, fn) {\n        var done = false, top = true,\n            doc = win.document,\n            root = doc.documentElement,\n            modern = doc.addEventListener,\n            add = modern ? 'addEventListener' : 'attachEvent',\n            rem = modern ? 'removeEventListener' : 'detachEvent',\n            pre = modern ? '' : 'on',\n            init = function (e) {\n                if (e.type == 'readystatechange') if (doc.readyState != 'complete') return;\n                (e.type == 'load' ? win : doc)[rem](pre + e.type, init, false);\n                if (!done) {\n                    done = true;\n                    fn.call(win, e.type || e);\n                }\n            },\n            poll = function () {\n                try {\n                    root.doScroll('left');\n                } catch (e) {\n                    setTimeout(poll, 50);\n                    return;\n                }\n                init('poll');\n            };\n        if (doc.readyState == 'complete') fn.call(win, 'lazy');\n        else {\n            if (!modern) if (root.doScroll) {\n                try {\n                    top = !win.frameElement;\n                } catch (e) {\n                }\n                if (top) poll();\n            }\n            doc[add](pre + 'DOMContentLoaded', init, false);\n            doc[add](pre + 'readystatechange', init, false);\n            win[add](pre + 'load', init, false);\n        }\n    })(window, function () {\n        window.bookly( {\"form_id\":\"69f1e02ba7e07\",\"form_data\":{\"skip_service_step\":0,\"hide_service_part1\":1,\"hide_service_part2\":0,\"defaults\":{\"service_id\":1,\"staff_id\":2,\"location_id\":0,\"category_id\":-1,\"units\":0,\"date_from\":0,\"time_from\":0,\"time_to\":0}},\"status\":{\"booking\":\"new\"},\"form_token\":null,\"skip_steps\":{\"service_part1\":1,\"service_part2\":0,\"extras\":1,\"time\":0,\"repeat\":1,\"cart\":1},\"errors\":{\"session_error\":\"Session error.\",\"form_id_error\":\"Form ID error.\",\"cart_item_not_available\":\"O hor\\u00e1rio selecionado j\\u00e1 n\\u00e3o est\\u00e1 dispon\\u00edvel. Por favor, escolha outro hor\\u00e1rio.\",\"pay_locally_not_available\":\"Pay locally is not available.\",\"invalid_gateway\":\"Invalid gateway.\",\"payment_error\":\"Error.\",\"incorrect_username_password\":\"Incorrect username or password.\"},\"form_attributes\":{\"hide_categories\":true,\"hide_services\":true,\"hide_staff_members\":true,\"show_number_of_persons\":false,\"hide_service_duration\":true,\"hide_locations\":true,\"hide_quantity\":true,\"hide_date\":false,\"hide_week_days\":false,\"hide_time_range\":false,\"const_category_id\":-1},\"use_client_time_zone\":0,\"defaults\":{\"service_id\":1,\"staff_id\":2,\"location_id\":0,\"category_id\":-1},\"datepicker_mode\":\"text-accent\",\"facebook\":{\"enabled\":0,\"appId\":\"\"}} );\n    });\n<\/script>\t\t\t\t<\/div>\n\t\t\t\t<\/div>\n\t\t\t\t\t<\/div>\n\t\t\t\t<\/div>\n\t\t\t\t<\/div>\n\t\t","protected":false},"excerpt":{"rendered":"<p>ConsultingArtificial Intelligence for Business Descubra como a Intelig\u00eancia Artificial pode ajudar a sua empresa. Mesmo que ainda n\u00e3o pretenda aplicar nada agora, esta consultoria vai mostrar-lhe, de forma clara e personalizada, como a IA pode ser integrada nos processos da sua empresa para poupar tempo, reduzir custos e aumentar a efici\u00eancia. \ud83d\udca1 \u00c9 100% gratuita, [&hellip;]<\/p>\n","protected":false},"author":1,"featured_media":0,"parent":0,"menu_order":0,"comment_status":"closed","ping_status":"closed","template":"","meta":{"footnotes":""},"class_list":["post-2545","page","type-page","status-publish","hentry"],"yoast_head":"<!-- This site is optimized with the Yoast SEO Premium plugin v25.4 (Yoast SEO v27.4) - https:\/\/yoast.com\/product\/yoast-seo-premium-wordpress\/ -->\n<title>Consulting - Artificial Intelligence for Businesses - Software a medida e Inteligencia Artificial<\/title>\n<meta name=\"robots\" content=\"index, follow, max-snippet:-1, max-image-preview:large, max-video-preview:-1\" \/>\n<link rel=\"canonical\" href=\"https:\/\/sgmaidev.com\/en\/consulting-artificial-intelligence-for-businesses-2\/\" \/>\n<meta property=\"og:locale\" content=\"en_US\" \/>\n<meta property=\"og:type\" content=\"article\" \/>\n<meta property=\"og:title\" content=\"Consulting - Artificial Intelligence for Businesses\" \/>\n<meta property=\"og:description\" content=\"ConsultingArtificial Intelligence for Business Descubra como a Intelig\u00eancia Artificial pode ajudar a sua empresa. Mesmo que ainda n\u00e3o pretenda aplicar nada agora, esta consultoria vai mostrar-lhe, de forma clara e personalizada, como a IA pode ser integrada nos processos da sua empresa para poupar tempo, reduzir custos e aumentar a efici\u00eancia. \ud83d\udca1 \u00c9 100% gratuita, [&hellip;]\" \/>\n<meta property=\"og:url\" content=\"https:\/\/sgmaidev.com\/en\/consulting-artificial-intelligence-for-businesses-2\/\" \/>\n<meta property=\"og:site_name\" content=\"Software a medida e Inteligencia Artificial\" \/>\n<meta property=\"og:image\" content=\"https:\/\/sgmaidev.com\/wp-content\/uploads\/2025\/09\/1200x300-Retangular-Roxo.png\" \/>\n\t<meta property=\"og:image:width\" content=\"1200\" \/>\n\t<meta property=\"og:image:height\" content=\"300\" \/>\n\t<meta property=\"og:image:type\" content=\"image\/png\" \/>\n<meta name=\"twitter:card\" content=\"summary_large_image\" \/>\n<meta name=\"twitter:label1\" content=\"Est. reading time\" \/>\n\t<meta name=\"twitter:data1\" content=\"1 minute\" \/>\n<script type=\"application\/ld+json\" class=\"yoast-schema-graph\">{\"@context\":\"https:\\\/\\\/schema.org\",\"@graph\":[{\"@type\":\"WebPage\",\"@id\":\"https:\\\/\\\/sgmaidev.com\\\/en\\\/consulting-artificial-intelligence-for-businesses-2\\\/\",\"url\":\"https:\\\/\\\/sgmaidev.com\\\/en\\\/consulting-artificial-intelligence-for-businesses-2\\\/\",\"name\":\"Consulting - Artificial Intelligence for Businesses - Software a medida e Inteligencia Artificial\",\"isPartOf\":{\"@id\":\"https:\\\/\\\/sgmaidev.com\\\/en\\\/#website\"},\"datePublished\":\"2025-12-02T10:40:07+00:00\",\"breadcrumb\":{\"@id\":\"https:\\\/\\\/sgmaidev.com\\\/en\\\/consulting-artificial-intelligence-for-businesses-2\\\/#breadcrumb\"},\"inLanguage\":\"en-US\",\"potentialAction\":[{\"@type\":\"ReadAction\",\"target\":[\"https:\\\/\\\/sgmaidev.com\\\/en\\\/consulting-artificial-intelligence-for-businesses-2\\\/\"]}]},{\"@type\":\"BreadcrumbList\",\"@id\":\"https:\\\/\\\/sgmaidev.com\\\/en\\\/consulting-artificial-intelligence-for-businesses-2\\\/#breadcrumb\",\"itemListElement\":[{\"@type\":\"ListItem\",\"position\":1,\"name\":\"Home\",\"item\":\"https:\\\/\\\/sgmaidev.com\\\/en\\\/\"},{\"@type\":\"ListItem\",\"position\":2,\"name\":\"Consulting &#8211; Artificial Intelligence for Businesses\"}]},{\"@type\":\"WebSite\",\"@id\":\"https:\\\/\\\/sgmaidev.com\\\/en\\\/#website\",\"url\":\"https:\\\/\\\/sgmaidev.com\\\/en\\\/\",\"name\":\"Software a medida e Inteligencia Artificial\",\"description\":\"\",\"publisher\":{\"@id\":\"https:\\\/\\\/sgmaidev.com\\\/en\\\/#organization\"},\"alternateName\":\"Desenvolvimento de software para empresas e Intelig\u00eancia Artificial\",\"potentialAction\":[{\"@type\":\"SearchAction\",\"target\":{\"@type\":\"EntryPoint\",\"urlTemplate\":\"https:\\\/\\\/sgmaidev.com\\\/en\\\/?s={search_term_string}\"},\"query-input\":{\"@type\":\"PropertyValueSpecification\",\"valueRequired\":true,\"valueName\":\"search_term_string\"}}],\"inLanguage\":\"en-US\"},{\"@type\":\"Organization\",\"@id\":\"https:\\\/\\\/sgmaidev.com\\\/en\\\/#organization\",\"name\":\"Software a medida e Inteligencia Artificial\",\"alternateName\":\"Desenvolvimento e Software a medida\",\"url\":\"https:\\\/\\\/sgmaidev.com\\\/en\\\/\",\"logo\":{\"@type\":\"ImageObject\",\"inLanguage\":\"en-US\",\"@id\":\"https:\\\/\\\/sgmaidev.com\\\/en\\\/#\\\/schema\\\/logo\\\/image\\\/\",\"url\":\"https:\\\/\\\/sgmaidev.com\\\/wp-content\\\/uploads\\\/2025\\\/09\\\/1200x300-Retangular-Roxo.png\",\"contentUrl\":\"https:\\\/\\\/sgmaidev.com\\\/wp-content\\\/uploads\\\/2025\\\/09\\\/1200x300-Retangular-Roxo.png\",\"width\":1200,\"height\":300,\"caption\":\"Software a medida e Inteligencia Artificial\"},\"image\":{\"@id\":\"https:\\\/\\\/sgmaidev.com\\\/en\\\/#\\\/schema\\\/logo\\\/image\\\/\"}}]}<\/script>\n<!-- \/ Yoast SEO Premium plugin. -->","yoast_head_json":{"title":"Consulting - Artificial Intelligence for Businesses - Software a medida e Inteligencia Artificial","robots":{"index":"index","follow":"follow","max-snippet":"max-snippet:-1","max-image-preview":"max-image-preview:large","max-video-preview":"max-video-preview:-1"},"canonical":"https:\/\/sgmaidev.com\/en\/consulting-artificial-intelligence-for-businesses-2\/","og_locale":"en_US","og_type":"article","og_title":"Consulting - Artificial Intelligence for Businesses","og_description":"ConsultingArtificial Intelligence for Business Descubra como a Intelig\u00eancia Artificial pode ajudar a sua empresa. Mesmo que ainda n\u00e3o pretenda aplicar nada agora, esta consultoria vai mostrar-lhe, de forma clara e personalizada, como a IA pode ser integrada nos processos da sua empresa para poupar tempo, reduzir custos e aumentar a efici\u00eancia. \ud83d\udca1 \u00c9 100% gratuita, [&hellip;]","og_url":"https:\/\/sgmaidev.com\/en\/consulting-artificial-intelligence-for-businesses-2\/","og_site_name":"Software a medida e Inteligencia Artificial","og_image":[{"width":1200,"height":300,"url":"https:\/\/sgmaidev.com\/wp-content\/uploads\/2025\/09\/1200x300-Retangular-Roxo.png","type":"image\/png"}],"twitter_card":"summary_large_image","twitter_misc":{"Est. reading time":"1 minute"},"schema":{"@context":"https:\/\/schema.org","@graph":[{"@type":"WebPage","@id":"https:\/\/sgmaidev.com\/en\/consulting-artificial-intelligence-for-businesses-2\/","url":"https:\/\/sgmaidev.com\/en\/consulting-artificial-intelligence-for-businesses-2\/","name":"Consulting - Artificial Intelligence for Businesses - Software a medida e Inteligencia Artificial","isPartOf":{"@id":"https:\/\/sgmaidev.com\/en\/#website"},"datePublished":"2025-12-02T10:40:07+00:00","breadcrumb":{"@id":"https:\/\/sgmaidev.com\/en\/consulting-artificial-intelligence-for-businesses-2\/#breadcrumb"},"inLanguage":"en-US","potentialAction":[{"@type":"ReadAction","target":["https:\/\/sgmaidev.com\/en\/consulting-artificial-intelligence-for-businesses-2\/"]}]},{"@type":"BreadcrumbList","@id":"https:\/\/sgmaidev.com\/en\/consulting-artificial-intelligence-for-businesses-2\/#breadcrumb","itemListElement":[{"@type":"ListItem","position":1,"name":"Home","item":"https:\/\/sgmaidev.com\/en\/"},{"@type":"ListItem","position":2,"name":"Consulting &#8211; Artificial Intelligence for Businesses"}]},{"@type":"WebSite","@id":"https:\/\/sgmaidev.com\/en\/#website","url":"https:\/\/sgmaidev.com\/en\/","name":"Software a medida e Inteligencia Artificial","description":"","publisher":{"@id":"https:\/\/sgmaidev.com\/en\/#organization"},"alternateName":"Desenvolvimento de software para empresas e Intelig\u00eancia Artificial","potentialAction":[{"@type":"SearchAction","target":{"@type":"EntryPoint","urlTemplate":"https:\/\/sgmaidev.com\/en\/?s={search_term_string}"},"query-input":{"@type":"PropertyValueSpecification","valueRequired":true,"valueName":"search_term_string"}}],"inLanguage":"en-US"},{"@type":"Organization","@id":"https:\/\/sgmaidev.com\/en\/#organization","name":"Software a medida e Inteligencia Artificial","alternateName":"Desenvolvimento e Software a medida","url":"https:\/\/sgmaidev.com\/en\/","logo":{"@type":"ImageObject","inLanguage":"en-US","@id":"https:\/\/sgmaidev.com\/en\/#\/schema\/logo\/image\/","url":"https:\/\/sgmaidev.com\/wp-content\/uploads\/2025\/09\/1200x300-Retangular-Roxo.png","contentUrl":"https:\/\/sgmaidev.com\/wp-content\/uploads\/2025\/09\/1200x300-Retangular-Roxo.png","width":1200,"height":300,"caption":"Software a medida e Inteligencia Artificial"},"image":{"@id":"https:\/\/sgmaidev.com\/en\/#\/schema\/logo\/image\/"}}]}},"_links":{"self":[{"href":"https:\/\/sgmaidev.com\/en\/wp-json\/wp\/v2\/pages\/2545","targetHints":{"allow":["GET"]}}],"collection":[{"href":"https:\/\/sgmaidev.com\/en\/wp-json\/wp\/v2\/pages"}],"about":[{"href":"https:\/\/sgmaidev.com\/en\/wp-json\/wp\/v2\/types\/page"}],"author":[{"embeddable":true,"href":"https:\/\/sgmaidev.com\/en\/wp-json\/wp\/v2\/users\/1"}],"replies":[{"embeddable":true,"href":"https:\/\/sgmaidev.com\/en\/wp-json\/wp\/v2\/comments?post=2545"}],"version-history":[{"count":1,"href":"https:\/\/sgmaidev.com\/en\/wp-json\/wp\/v2\/pages\/2545\/revisions"}],"predecessor-version":[{"id":2546,"href":"https:\/\/sgmaidev.com\/en\/wp-json\/wp\/v2\/pages\/2545\/revisions\/2546"}],"wp:attachment":[{"href":"https:\/\/sgmaidev.com\/en\/wp-json\/wp\/v2\/media?parent=2545"}],"curies":[{"name":"wp","href":"https:\/\/api.w.org\/{rel}","templated":true}]}}