{"id":2452,"date":"2025-07-12T16:59:37","date_gmt":"2025-07-12T15:59:37","guid":{"rendered":"https:\/\/sgmaidev.com\/data\/"},"modified":"2025-11-03T15:42:44","modified_gmt":"2025-11-03T15:42:44","slug":"data","status":"publish","type":"page","link":"https:\/\/sgmaidev.com\/en\/data\/","title":{"rendered":"Data"},"content":{"rendered":"\t\t<div data-elementor-type=\"wp-page\" data-elementor-id=\"2452\" class=\"elementor elementor-2452 elementor-75\" data-elementor-post-type=\"page\">\n\t\t\t\t<div class=\"elementor-element elementor-element-9f4d442 e-flex e-con-boxed e-con e-child\" data-id=\"9f4d442\" data-element_type=\"container\" data-e-type=\"container\" data-settings=\"{&quot;background_background&quot;:&quot;classic&quot;}\">\n\t\t\t\t\t<div class=\"e-con-inner\">\n\t\t\t\t<div class=\"elementor-element elementor-element-fce2595 elementor-widget elementor-widget-heading\" data-id=\"fce2595\" data-element_type=\"widget\" data-e-type=\"widget\" data-widget_type=\"heading.default\">\n\t\t\t\t\t<h2 class=\"elementor-heading-title elementor-size-default\">My data<\/h2>\t\t\t\t<\/div>\n\t\t\t\t\t<\/div>\n\t\t\t\t<\/div>\n\t\t<div class=\"elementor-element elementor-element-d0988e3 e-flex e-con-boxed e-con e-parent\" data-id=\"d0988e3\" data-element_type=\"container\" data-e-type=\"container\">\n\t\t\t\t\t<div class=\"e-con-inner\">\n\t\t\t\t<div class=\"elementor-element elementor-element-c34ca2f elementor-widget elementor-widget-shortcode\" data-id=\"c34ca2f\" data-element_type=\"widget\" data-e-type=\"widget\" data-widget_type=\"shortcode.default\">\n\t\t\t\t\t\t\t<div class=\"elementor-shortcode\">\n<script type=\"text\/javascript\">\n\n\t \n\t  \n\t function  rgpdPDAClick()\n\t {\n\t\tdocument.getElementById(\"rgpdmenu1\").style.display= \"block\";\n\t\tdocument.getElementById(\"rgpdmenu2\").style.display= \"none\";  \n\t\tdocument.getElementById(\"rgpdmenu3\").style.display= \"none\";\n\t\tdocument.getElementById(\"rgpdmenu4\").style.display= \"none\"; \n\t\t\n\t\t\/\/disable other tabs and color\n\t\tdocument.getElementById(\"rgpdPDA\").style.backgroundColor= \"#fafafa\";\n\t\tdocument.getElementById(\"rgpdFM\").style.backgroundColor= \"white\";  \n\t\tdocument.getElementById(\"rgpdDR\").style.backgroundColor= \"white\";\n\t\tdocument.getElementById(\"rgpdUR\").style.backgroundColor= \"white\";\n\t }\n\t function  rgpdFMClick()\n\t {\n\t\tdocument.getElementById(\"rgpdmenu1\").style.display= \"none\";\n\t\tdocument.getElementById(\"rgpdmenu2\").style.display= \"block\";  \n\t\tdocument.getElementById(\"rgpdmenu3\").style.display= \"none\";\n\t\tdocument.getElementById(\"rgpdmenu4\").style.display= \"none\"; \n\t\t\n\t\t\/\/disable other tabs and color\n\t\tdocument.getElementById(\"rgpdPDA\").style.backgroundColor= \"white\";\n\t\tdocument.getElementById(\"rgpdFM\").style.backgroundColor= \"#fafafa\";  \n\t\tdocument.getElementById(\"rgpdDR\").style.backgroundColor= \"white\";\n\t\tdocument.getElementById(\"rgpdUR\").style.backgroundColor= \"white\";\n\t }\n\t function  rgpdDRClick()\n\t {\n\t\tdocument.getElementById(\"rgpdmenu1\").style.display= \"none\";\n\t\tdocument.getElementById(\"rgpdmenu2\").style.display= \"none\";  \n\t\tdocument.getElementById(\"rgpdmenu3\").style.display= \"block\";\n\t\tdocument.getElementById(\"rgpdmenu4\").style.display= \"none\"; \n\t\t\n\t\t\/\/disable other tabs and color\n\t\tdocument.getElementById(\"rgpdPDA\").style.backgroundColor= \"white\";\n\t\tdocument.getElementById(\"rgpdFM\").style.backgroundColor= \"white\";  \n\t\tdocument.getElementById(\"rgpdDR\").style.backgroundColor= \"#fafafa\";\n\t\tdocument.getElementById(\"rgpdUR\").style.backgroundColor= \"white\";\n\t\t\n\t\t\n\t }\n\t function  rgpdURClick()\n\t {\n\t\tdocument.getElementById(\"rgpdmenu1\").style.display= \"none\";\n\t\tdocument.getElementById(\"rgpdmenu2\").style.display= \"none\";  \n\t\tdocument.getElementById(\"rgpdmenu3\").style.display= \"none\";\n\t\tdocument.getElementById(\"rgpdmenu4\").style.display= \"block\"; \n\t\t\n\t\t\/\/disable other tabs and color\n\t\tdocument.getElementById(\"rgpdPDA\").style.backgroundColor= \"white\";\n\t\tdocument.getElementById(\"rgpdFM\").style.backgroundColor= \"white\";  \n\t\tdocument.getElementById(\"rgpdDR\").style.backgroundColor= \"white\";\n\t\tdocument.getElementById(\"rgpdUR\").style.backgroundColor= \"#fafafa\";\n\t }\n<\/script>\n\n\n<div class=\"containerr-fluid\">\n<div class=\"rgpd-tab\">\n  <button class=\"active rgpd-tablinks\" id=\"rgpdPDA\" onclick=\"rgpdPDAClick()\"><div class=\"rgpd-head\">Data Access Request<\/div><\/button>\n  <button id=\"rgpdFM\" class=\"rgpd-tablinks\" onclick=\"rgpdFMClick()\"><div class=\"rgpd-head\">Forget Data Request<\/div><\/button>\n  <button id=\"rgpdDR\" class=\"rgpd-tablinks\" onclick=\"rgpdDRClick()\"><div class=\"rgpd-head\">Rectify Data Request<\/div><\/button>\n  <button id=\"rgpdUR\" class=\"rgpd-tablinks\" onclick=\"rgpdURClick()\"><div class=\"rgpd-head\">Unsubscribe Request<\/div><\/button>\n<\/div>\n\n<div class=\"\">\n    \n    <div id=\"rgpdmenu1\">\n      <div class=\"col-18\"><br>\n  <div class=\"rgpddefaults rgpdpanel\">\n    <div class=\"rgpd-panel-heading\"><h4 style=\"color:white\">Data Access Request<\/h4><\/div>\n    <div class=\"rgpd-panel-body\">\n       \n<div id=\"rgpdpda\" class=\"form-group\">\n<form action=\"\" method=\"post\"><br>\n<p>\n<b>Request a copy of the data we have about you. An email will be sent to you with the data after it\u2019s generated.<\/b><\/p>\n\n<label for=\"rgpdemailpda\">Email:<\/label>\n<input type=\"email\" id=\"rgpdemailpda\" class=\"rgpdinp\" name=\"rgpdemailpda\" value=\"\" required=\"\">\n<br><br>\n\n <button type=\"submit\" name=\"rgpdpdasubmit\" class=\"submitrequestbtn\">Submit Request<\/button>\n\n<\/form>\n        \n<\/div>\n        \n    <\/div>\n  <\/div>\n<\/div>\n<\/div>\n<div id=\"rgpdmenu2\">\n<div class=\"col-18\"><br>\n<div class=\"rgpddefaults rgpdpanel\">\n<div class=\"rgpd-panel-heading\"><h4 style=\"color:white\">Forget Data Request<\/h4><\/div>\n<div class=\"rgpd-panel-body\">\n<div id=\"rgpdfm\" class=\"Form Control\"> \n<form action=\"\" method=\"post\"><br>\n<p>\n<b>\nSelect what you wish to be forgotten. You\u2019ll be notified by email once it\u2019s done.\n<\/b><\/p>\n<label class=\"containerr\">\n<b>Comments<\/b>\n<input type=\"checkbox\" name=\"rgpdfmchkboxc\" value=\"c\">\n<span class=\"rgpdcheckmark\"><\/span>\n<\/label>\n\nYour comments on various posts<br><br>\n<label class=\"containerr\">\n<b>Posts<\/b>\n<input type=\"checkbox\" name=\"rgpdfmchkboxp\" value=\"p\">\n<span class=\"rgpdcheckmark\"><\/span>\n<\/label>\nArticles & posts written by you\n<br><br>\n<label class=\"containerr\">\n<b>User Data<\/b>\n<input type=\"checkbox\" name=\"rgpdfmchkboxu\" value=\"u\">\n<span class=\"rgpdcheckmark\"><\/span>\n<\/label>\nYour user data recorded in WordPress database.\n<br>\n <br><label for=\"\">Email:<\/label>\n<input type=\"email\" class=\"rgpdinp\" name=\"rgpdfmemail\" value=\"\" required=\"\">\n<br><br>\n<!-- <label class=\"containerr\">\nI consent to my email being collected in order to process this request. See Privacy Policy page for more information.\n<input type=\"checkbox\" name=\"rgpdchkbox\" value=\"1\" required=\"\">\n\n<span class=\"rgpdcheckmark\"><\/span>\n<\/label> -->\n <button type=\"submit\" name=\"rgpdfmsubmit\" class=\"submitrequestbtn\">Submit Request<\/button>  \n<\/form>\n<\/div> \n        \n    <\/div>\n  <\/div>\n<\/div>\n    <\/div>\n    <div id=\"rgpdmenu3\">\n    <div id=\"rgpddr\" class=\"Form Control\">\n      <div class=\"col-18\"><br>\n  <div class=\"rgpddefaults rgpdpanel\">\n    <div class=\"rgpd-panel-heading\"><h4 style=\"color:white\">Rectify Data Request<\/h4><\/div>\n    <div class=\"rgpd-panel-body\">\n   <div id=\"rgpddr\" class=\"Form Control\"> \n<form action=\"\" method=\"post\"><br>\n\n<label class=\"containerr\">\nWordPress Comments\n<input type=\"checkbox\" name=\"rgpddrchkboxc\" value=\"c\">\n<span class=\"rgpdcheckmark\"><\/span>\n<\/label>\n\nYour comments on various posts<br><br>\n<label class=\"containerr\">\n<b>WordPress Posts<\/b>\n<input type=\"checkbox\" name=\"rgpddrchkboxp\" value=\"p\">\n<span class=\"rgpdcheckmark\"><\/span>\n<\/label>\nArticles & posts written by you\n<br><br>\n<label class=\"containerr\">\n<b>WordPress User Data<\/b>\n<input type=\"checkbox\" name=\"rgpddrchkboxu\" value=\"u\">\n<span class=\"rgpdcheckmark\"><\/span>\n<\/label>\nYour user data recorded in WordPress database.<br>\n<label><br>\nWhat is to be rectified?<\/label><\/br>\n<textarea name=\"rgpdrectification\" class=\"rgpdinp\" rows=\"5\" required=\"\"><\/textarea><br><br>\n\n<label for=\"\">Email:<\/label>\n<input type=\"email\" class=\"rgpdinp\" name=\"rgpddremail\" value=\"\" required=\"\">\n\n<br><br>\n\n<button type=\"submit\" name=\"rgpddrsubmit\" class=\"submitrequestbtn\">Submit Request<\/button>\n\n<\/form>\n         <\/div> \n    <\/div>\n  <\/div>\n<\/div>\n<\/div>\n    <\/div>\n\t\n\t<div id=\"rgpdmenu4\">\n    <div id=\"rgpdur\" class=\"Form Control\">\n      <div class=\"col-18\"><br>\n  <div class=\"rgpddefaults rgpdpanel\">\n    <div class=\"rgpd-panel-heading\"><h4 style=\"color:white\">Unsubscribe Request Form<\/h4><\/div>\n    <div class=\"rgpd-panel-body\">\n   <div id=\"rgpdur\" class=\"Form Control\"> <br>\n   <div class=\"rgpd-alert\" style=\"color:black;\">Por favor, reconsidere o cancelamento da assinatura, pois voc\u00ea pode perder atualiza\u00e7\u00f5es e ofertas importantes de nossa parte. Se voc\u00ea realmente quiser cancelar a inscri\u00e7\u00e3o, preencha seu endere\u00e7o de e-mail. Na caixa abaixo<\/div>\n<form action=\"\" method=\"post\"><br>\n<label for=\"\">Name:<\/label><br>\n<input type=\"text\" id=\"\" class=\"rgpdinp\" name=\"unsname\" value=\"\" required=\"\">\n<br><br>\n<label for=\"\">Email:<\/label>\n<input type=\"email\" id=\"\" class=\"rgpdinp\" name=\"unsemail\" value=\"\" required=\"\">\n<br><br>\n <button type=\"submit\" name=\"rgpdunssubmit\" class=\"submitrequestbtn\">Submit Request<\/button>\n<\/form>\n<\/div>\n<\/div>\n        \n    <\/div>\n  <\/div>\n<\/div>\n<\/div>\n\t\n\t\n  <\/div>\n<\/div>\n<script type=\"text\/javascript\">\n  document.getElementById(\"rgpdmenu2\").style.display= \"none\";  \n\tdocument.getElementById(\"rgpdmenu3\").style.display= \"none\";\n\tdocument.getElementById(\"rgpdmenu4\").style.display= \"none\";\n\t\n\t\/\/disable other tabs and color\n\t\tdocument.getElementById(\"rgpdPDA\").style.backgroundColor= \"#FE9A2E\";\n\t\tdocument.getElementById(\"rgpdFM\").style.backgroundColor= \"white\";  \n\t\tdocument.getElementById(\"rgpdDR\").style.backgroundColor= \"white\";\n\t\tdocument.getElementById(\"rgpdUR\").style.backgroundColor= \"white\";\n<\/script>\n<style>\n\/* Customize the label (the containerr) *\/\n.containerr {\n  display: block;\n  position: relative;\n  padding-left: 35px;\n  margin-bottom: 12px;\n  cursor: pointer;\n  \n  -webkit-user-select: none;\n  -moz-user-select: none;\n  -ms-user-select: none;\n  user-select: none;\n}\n\n\/* Hide the browsers default checkbox *\/\n.containerr input {\n  position: absolute;\n  opacity: 0;\n  cursor: pointer;\n}\n\n\/* Create a custom checkbox *\/\n.rgpdcheckmark {\n  position: absolute;\n  top: 0;\n  left: 0;\n  height: 25px;\n  width: 25px;\n  background-color: #eee;\n}\n\n\/* On mouse-over, add a grey background color *\/\n.containerr:hover input ~ .rgpdcheckmark {\n  background-color: #ccc;\n}\n\n\/* When the checkbox is checked, add a blue background *\/\n.containerr input:checked ~ .rgpdcheckmark {\n  background-color: #2196F3;\n}\n\n\/* Create the rgpdcheckmark\/indicator (hidden when not checked) *\/\n.rgpdcheckmark:after {\n  content: \"\";\n  position: absolute;\n  display: none;\n}\n\n\/* Show the rgpdcheckmark when checked *\/\n.containerr input:checked ~ .rgpdcheckmark:after {\n  display: block;\n}\n\n\/* Style the rgpdcheckmark\/indicator *\/\n.containerr .rgpdcheckmark:after {\n  left: 9px;\n  top: 5px;\n  width: 5px;\n  height: 10px;\n  border: solid white;\n  border-width: 0 3px 3px 0;\n  -webkit-transform: rotate(45deg);\n  -ms-transform: rotate(45deg);\n  transform: rotate(45deg);\n}\n\n.rgpdpanel {\n    border-color: #525863;\n}\n.rgpdpanel>.rgpd-panel-heading {\n    color: #fff;\n     background: linear-gradient(#525863, #444a55);\n    border-color: #525863;\n}\n\n.rgpd-panel-heading {\n  padding: 10px 10px;\n    border-bottom: 1px solid transparent;\n    border-top-left-radius: 3px;\n    border-top-right-radius: 3px;\n\n}\n\n.rgpddefaults {\n\n    margin-bottom: 20px;\n    background-color: #fff;\n    border: 1px solid transparent;\n    border-radius: 4px;\n    -webkit-box-shadow: 0 1px 1px rgba(0,0,0,.05);\n    box-shadow: 0 1px 1px rgba(0,0,0,.05);\n\n}\n\n.rgpd-rgpd-panel-body {\n  padding: 15px;\n}\n\ninput[type=email].rgpdinp,input[type=text].rgpdinp,textarea.rgpdinp {\n    width: 100%;\n    padding: 12px;\n    border: 1px solid #ccc;\n    border-radius: 4px;\n    resize: vertical;\n}\n\n\/*Button Style  *\/\n.submitrequestbtn {\n    background-color: #008CBA; \/* Green *\/\n    border: none;\n    color: white;\n    padding: 10px 24px;\n    text-align: center;\n    text-decoration: none;\n    display: inline-block;\n    font-size: 16px;\n    border-radius: 4px;\n}\n\n\n\/* Style the tab *\/\n.rgpd-tab {\n    overflow: hidden;\n    border: 1px solid #ccc;\n    background-color: white;\n    border-radius: 3px;\n\n}\n\n\/* Style the buttons inside the tab *\/\n.rgpd-tab button {\n    background-color: inherit;\n    float: left;\n    border: none;\n    outline: none;\n    cursor: pointer;\n    padding: 14px 16px;\n    transition: 0.3s;\n    font-size: 17px;\n\tcolor:black;\n}\n\n\/* Style the text on the header *\/\n.rgpd-head {\n    font-size: 14px;\n}\n\n\n\/* Change background color of buttons on hover *\/\n.rgpd-tab button:hover {\n    background-color: #ddd;\n}\n\n.rgpd-alert {\n    padding: 20px;\n    background-color: #f4debc;\n    color: white;\n    border-radius: 4px;\n\n}\n\/*e7d7bf*\/\n<\/style>\n <\/div>\n\t\t\t\t\t\t<\/div>\n\t\t\t\t\t<\/div>\n\t\t\t\t<\/div>\n\t\t\t\t<\/div>\n\t\t","protected":false},"excerpt":{"rendered":"<p>My data<\/p>\n","protected":false},"author":1,"featured_media":0,"parent":0,"menu_order":0,"comment_status":"closed","ping_status":"open","template":"","meta":{"footnotes":""},"class_list":["post-2452","page","type-page","status-publish","hentry"],"yoast_head":"<!-- This site is optimized with the Yoast SEO Premium plugin v25.4 (Yoast SEO v26.9) - https:\/\/yoast.com\/product\/yoast-seo-premium-wordpress\/ -->\n<title>Data - Software a medida e Inteligencia Artificial<\/title>\n<meta name=\"robots\" content=\"index, follow, max-snippet:-1, max-image-preview:large, max-video-preview:-1\" \/>\n<link rel=\"canonical\" href=\"https:\/\/sgmaidev.com\/en\/data\/\" \/>\n<meta property=\"og:locale\" content=\"en_US\" \/>\n<meta property=\"og:type\" content=\"article\" \/>\n<meta property=\"og:title\" content=\"Data\" \/>\n<meta property=\"og:description\" content=\"My data\" \/>\n<meta property=\"og:url\" content=\"https:\/\/sgmaidev.com\/en\/data\/\" \/>\n<meta property=\"og:site_name\" content=\"Software a medida e Inteligencia Artificial\" \/>\n<meta property=\"article:modified_time\" content=\"2025-11-03T15:42:44+00:00\" \/>\n<meta property=\"og:image\" content=\"https:\/\/sgmaidev.com\/wp-content\/uploads\/2025\/09\/1200x300-Retangular-Roxo.png\" \/>\n\t<meta property=\"og:image:width\" content=\"1200\" \/>\n\t<meta property=\"og:image:height\" content=\"300\" \/>\n\t<meta property=\"og:image:type\" content=\"image\/png\" \/>\n<meta name=\"twitter:card\" content=\"summary_large_image\" \/>\n<script type=\"application\/ld+json\" class=\"yoast-schema-graph\">{\"@context\":\"https:\/\/schema.org\",\"@graph\":[{\"@type\":\"WebPage\",\"@id\":\"https:\/\/sgmaidev.com\/en\/data\/\",\"url\":\"https:\/\/sgmaidev.com\/en\/data\/\",\"name\":\"Data - Software a medida e Inteligencia Artificial\",\"isPartOf\":{\"@id\":\"https:\/\/sgmaidev.com\/en\/#website\"},\"datePublished\":\"2025-07-12T15:59:37+00:00\",\"dateModified\":\"2025-11-03T15:42:44+00:00\",\"breadcrumb\":{\"@id\":\"https:\/\/sgmaidev.com\/en\/data\/#breadcrumb\"},\"inLanguage\":\"en-US\",\"potentialAction\":[{\"@type\":\"ReadAction\",\"target\":[\"https:\/\/sgmaidev.com\/en\/data\/\"]}]},{\"@type\":\"BreadcrumbList\",\"@id\":\"https:\/\/sgmaidev.com\/en\/data\/#breadcrumb\",\"itemListElement\":[{\"@type\":\"ListItem\",\"position\":1,\"name\":\"Home\",\"item\":\"https:\/\/sgmaidev.com\/en\/\"},{\"@type\":\"ListItem\",\"position\":2,\"name\":\"Data\"}]},{\"@type\":\"WebSite\",\"@id\":\"https:\/\/sgmaidev.com\/en\/#website\",\"url\":\"https:\/\/sgmaidev.com\/en\/\",\"name\":\"Software a medida e Inteligencia Artificial\",\"description\":\"\",\"publisher\":{\"@id\":\"https:\/\/sgmaidev.com\/en\/#organization\"},\"alternateName\":\"Desenvolvimento de software para empresas e Intelig\u00eancia Artificial\",\"potentialAction\":[{\"@type\":\"SearchAction\",\"target\":{\"@type\":\"EntryPoint\",\"urlTemplate\":\"https:\/\/sgmaidev.com\/en\/?s={search_term_string}\"},\"query-input\":{\"@type\":\"PropertyValueSpecification\",\"valueRequired\":true,\"valueName\":\"search_term_string\"}}],\"inLanguage\":\"en-US\"},{\"@type\":\"Organization\",\"@id\":\"https:\/\/sgmaidev.com\/en\/#organization\",\"name\":\"Software a medida e Inteligencia Artificial\",\"alternateName\":\"Desenvolvimento e Software a medida\",\"url\":\"https:\/\/sgmaidev.com\/en\/\",\"logo\":{\"@type\":\"ImageObject\",\"inLanguage\":\"en-US\",\"@id\":\"https:\/\/sgmaidev.com\/en\/#\/schema\/logo\/image\/\",\"url\":\"https:\/\/sgmaidev.com\/wp-content\/uploads\/2025\/09\/1200x300-Retangular-Roxo.png\",\"contentUrl\":\"https:\/\/sgmaidev.com\/wp-content\/uploads\/2025\/09\/1200x300-Retangular-Roxo.png\",\"width\":1200,\"height\":300,\"caption\":\"Software a medida e Inteligencia Artificial\"},\"image\":{\"@id\":\"https:\/\/sgmaidev.com\/en\/#\/schema\/logo\/image\/\"}}]}<\/script>\n<!-- \/ Yoast SEO Premium plugin. -->","yoast_head_json":{"title":"Data - Software a medida e Inteligencia Artificial","robots":{"index":"index","follow":"follow","max-snippet":"max-snippet:-1","max-image-preview":"max-image-preview:large","max-video-preview":"max-video-preview:-1"},"canonical":"https:\/\/sgmaidev.com\/en\/data\/","og_locale":"en_US","og_type":"article","og_title":"Data","og_description":"My data","og_url":"https:\/\/sgmaidev.com\/en\/data\/","og_site_name":"Software a medida e Inteligencia Artificial","article_modified_time":"2025-11-03T15:42:44+00:00","og_image":[{"width":1200,"height":300,"url":"https:\/\/sgmaidev.com\/wp-content\/uploads\/2025\/09\/1200x300-Retangular-Roxo.png","type":"image\/png"}],"twitter_card":"summary_large_image","schema":{"@context":"https:\/\/schema.org","@graph":[{"@type":"WebPage","@id":"https:\/\/sgmaidev.com\/en\/data\/","url":"https:\/\/sgmaidev.com\/en\/data\/","name":"Data - Software a medida e Inteligencia Artificial","isPartOf":{"@id":"https:\/\/sgmaidev.com\/en\/#website"},"datePublished":"2025-07-12T15:59:37+00:00","dateModified":"2025-11-03T15:42:44+00:00","breadcrumb":{"@id":"https:\/\/sgmaidev.com\/en\/data\/#breadcrumb"},"inLanguage":"en-US","potentialAction":[{"@type":"ReadAction","target":["https:\/\/sgmaidev.com\/en\/data\/"]}]},{"@type":"BreadcrumbList","@id":"https:\/\/sgmaidev.com\/en\/data\/#breadcrumb","itemListElement":[{"@type":"ListItem","position":1,"name":"Home","item":"https:\/\/sgmaidev.com\/en\/"},{"@type":"ListItem","position":2,"name":"Data"}]},{"@type":"WebSite","@id":"https:\/\/sgmaidev.com\/en\/#website","url":"https:\/\/sgmaidev.com\/en\/","name":"Software a medida e Inteligencia Artificial","description":"","publisher":{"@id":"https:\/\/sgmaidev.com\/en\/#organization"},"alternateName":"Desenvolvimento de software para empresas e Intelig\u00eancia Artificial","potentialAction":[{"@type":"SearchAction","target":{"@type":"EntryPoint","urlTemplate":"https:\/\/sgmaidev.com\/en\/?s={search_term_string}"},"query-input":{"@type":"PropertyValueSpecification","valueRequired":true,"valueName":"search_term_string"}}],"inLanguage":"en-US"},{"@type":"Organization","@id":"https:\/\/sgmaidev.com\/en\/#organization","name":"Software a medida e Inteligencia Artificial","alternateName":"Desenvolvimento e Software a medida","url":"https:\/\/sgmaidev.com\/en\/","logo":{"@type":"ImageObject","inLanguage":"en-US","@id":"https:\/\/sgmaidev.com\/en\/#\/schema\/logo\/image\/","url":"https:\/\/sgmaidev.com\/wp-content\/uploads\/2025\/09\/1200x300-Retangular-Roxo.png","contentUrl":"https:\/\/sgmaidev.com\/wp-content\/uploads\/2025\/09\/1200x300-Retangular-Roxo.png","width":1200,"height":300,"caption":"Software a medida e Inteligencia Artificial"},"image":{"@id":"https:\/\/sgmaidev.com\/en\/#\/schema\/logo\/image\/"}}]}},"_links":{"self":[{"href":"https:\/\/sgmaidev.com\/en\/wp-json\/wp\/v2\/pages\/2452","targetHints":{"allow":["GET"]}}],"collection":[{"href":"https:\/\/sgmaidev.com\/en\/wp-json\/wp\/v2\/pages"}],"about":[{"href":"https:\/\/sgmaidev.com\/en\/wp-json\/wp\/v2\/types\/page"}],"author":[{"embeddable":true,"href":"https:\/\/sgmaidev.com\/en\/wp-json\/wp\/v2\/users\/1"}],"replies":[{"embeddable":true,"href":"https:\/\/sgmaidev.com\/en\/wp-json\/wp\/v2\/comments?post=2452"}],"version-history":[{"count":1,"href":"https:\/\/sgmaidev.com\/en\/wp-json\/wp\/v2\/pages\/2452\/revisions"}],"predecessor-version":[{"id":2453,"href":"https:\/\/sgmaidev.com\/en\/wp-json\/wp\/v2\/pages\/2452\/revisions\/2453"}],"wp:attachment":[{"href":"https:\/\/sgmaidev.com\/en\/wp-json\/wp\/v2\/media?parent=2452"}],"curies":[{"name":"wp","href":"https:\/\/api.w.org\/{rel}","templated":true}]}}